{"id":179,"date":"2020-01-01T21:07:25","date_gmt":"2020-01-01T21:07:25","guid":{"rendered":"https:\/\/antalyapvctamirat.com\/?page_id=179"},"modified":"2020-01-01T21:07:25","modified_gmt":"2020-01-01T21:07:25","slug":"iletisim","status":"publish","type":"page","link":"https:\/\/antalyapvctamirat.com\/?page_id=179","title":{"rendered":"\u0130leti\u015fim"},"content":{"rendered":"<p style=\"text-align: center;\"><strong>M\u00fcslim \u00c7\u0131nar<\/strong><\/p>\n<p style=\"text-align: center;\"><strong>Cep Tel:<\/strong> 0 532 595 79 81<\/p>\n<p style=\"text-align: center;\">info@antalyapvctamirat.com<\/p>\n<p style=\"text-align: center;\">[contact-form-7 id=&#8221;283&#8243; title=&#8221;\u0130leti\u015fim formu 1&#8243;]<\/p>\n","protected":false},"excerpt":{"rendered":"<p>M\u00fcslim \u00c7\u0131nar Cep Tel: 0 532 595 79 81 info@antalyapvctamirat.com [contact-form-7 id=&#8221;283&#8243; title=&#8221;\u0130leti\u015fim formu 1&#8243;]<\/p>\n","protected":false},"author":1,"featured_media":0,"parent":0,"menu_order":0,"comment_status":"closed","ping_status":"closed","template":"","meta":{"footnotes":""},"class_list":["post-179","page","type-page","status-publish","hentry","clearfix"],"_links":{"self":[{"href":"https:\/\/antalyapvctamirat.com\/index.php?rest_route=\/wp\/v2\/pages\/179","targetHints":{"allow":["GET"]}}],"collection":[{"href":"https:\/\/antalyapvctamirat.com\/index.php?rest_route=\/wp\/v2\/pages"}],"about":[{"href":"https:\/\/antalyapvctamirat.com\/index.php?rest_route=\/wp\/v2\/types\/page"}],"author":[{"embeddable":true,"href":"https:\/\/antalyapvctamirat.com\/index.php?rest_route=\/wp\/v2\/users\/1"}],"replies":[{"embeddable":true,"href":"https:\/\/antalyapvctamirat.com\/index.php?rest_route=%2Fwp%2Fv2%2Fcomments&post=179"}],"version-history":[{"count":0,"href":"https:\/\/antalyapvctamirat.com\/index.php?rest_route=\/wp\/v2\/pages\/179\/revisions"}],"wp:attachment":[{"href":"https:\/\/antalyapvctamirat.com\/index.php?rest_route=%2Fwp%2Fv2%2Fmedia&parent=179"}],"curies":[{"name":"wp","href":"https:\/\/api.w.org\/{rel}","templated":true}]}}